{"id":528,"date":"2023-02-23T15:48:47","date_gmt":"2023-02-23T15:48:47","guid":{"rendered":"https:\/\/bolognaballetcompetition.com\/regulations\/"},"modified":"2024-07-24T08:37:36","modified_gmt":"2024-07-24T08:37:36","slug":"regolamento","status":"publish","type":"page","link":"https:\/\/bolognaballetcompetition.com\/it\/regolamento\/","title":{"rendered":"Regolamento"},"content":{"rendered":"<p>[et_pb_section fb_built=&#8221;1&#8243; fullwidth=&#8221;on&#8221; _builder_version=&#8221;4.20.4&#8243; _module_preset=&#8221;default&#8221; background_color=&#8221;rgba(0,0,0,0.65)&#8221; background_image=&#8221;https:\/\/bolognaballetcompetition.com\/wp-content\/uploads\/2023\/04\/title-bg.jpg&#8221; background_blend=&#8221;overlay&#8221; background_last_edited=&#8221;on|phone&#8221; background_image_phone=&#8221;https:\/\/bolognaballetcompetition.com\/wp-content\/uploads\/2023\/05\/title-bg-mobile.jpg&#8221; background_enable_image_phone=&#8221;on&#8221; global_colors_info=&#8221;{}&#8221;][et_pb_fullwidth_header title=&#8221;@ET-DC@eyJkeW5hbWljIjp0cnVlLCJjb250ZW50IjoicG9zdF90aXRsZSIsInNldHRpbmdzIjp7ImJlZm9yZSI6IiIsImFmdGVyIjoiIn19@&#8221; _builder_version=&#8221;4.19.5&#8243; _dynamic_attributes=&#8221;title&#8221; _module_preset=&#8221;default&#8221; title_font_size=&#8221;40px&#8221; background_enable_color=&#8221;off&#8221; custom_padding=&#8221;65px||65px||true|false&#8221; custom_padding_tablet=&#8221;35px||35px||true|false&#8221; custom_padding_phone=&#8221;10px||10px||true|false&#8221; custom_padding_last_edited=&#8221;on|phone&#8221; global_colors_info=&#8221;{}&#8221;][\/et_pb_fullwidth_header][\/et_pb_section][et_pb_section fb_built=&#8221;1&#8243; _builder_version=&#8221;4.19.5&#8243; _module_preset=&#8221;default&#8221; custom_padding=&#8221;||||false|false&#8221; global_colors_info=&#8221;{}&#8221;][et_pb_row _builder_version=&#8221;4.19.5&#8243; _module_preset=&#8221;default&#8221; global_colors_info=&#8221;{}&#8221;][et_pb_column type=&#8221;4_4&#8243; _builder_version=&#8221;4.19.5&#8243; _module_preset=&#8221;default&#8221; global_colors_info=&#8221;{}&#8221;][et_pb_text _builder_version=&#8221;4.25.1&#8243; _module_preset=&#8221;default&#8221; hover_enabled=&#8221;0&#8243; global_colors_info=&#8221;{}&#8221; sticky_enabled=&#8221;0&#8243;]<\/p>\n<p>Il concorso si svolge con l\u2019obiettivo di presentare e sostenere giovani danzatori, offrendo borse di studio e opportunit\u00e0 di lavoro.<\/p>\n<p>I concorrenti saranno giudicati in base alle loro capacit\u00e0 artistiche e tecniche.<\/p>\n<p>Femmine e maschi competono nella stessa categoria.<\/p>\n<p>Se un concorrente esegue pi\u00f9 di una variazione\/pezzo nella stessa categoria, quella\/o con il punteggio pi\u00f9 alto verr\u00e0 preso in esame per la classifica finale.<\/p>\n<p>La Giuria si riserva il diritto di non assegnare un premio o di dividerlo tra pi\u00f9 concorrenti.<\/p>\n<p>Le decisioni della Giuria sono definitive e insindacabili.<\/p>\n<p>La giuria di BBC si riserva il diritto di non assegnare tutti i premi annunciati.<\/p>\n<p>&nbsp;<\/p>\n<p><b><u>SOLISTI JUNIOR I<\/u><\/b><br \/>6 \u2013 9 anni<br \/>SOLO\/VARIAZIONE (categoria aperta &#8211; durata massima dell&#8217;esibizione 3 minuti &#8211; Non sono ammesse scarpe da punta)<br \/>Quota d&#8217;iscrizione: <b>75 EURO per danzatore\/esibizione.<\/b><\/p>\n<p><u><\/u>\u00a0<u><\/u><\/p>\n<p><b><u>SOLISTI JUNIOR II<\/u><\/b><br \/>10 &#8211; 11 anni<br \/>A. BALLETTO CLASSICO (qualsiasi variazione di danza classica \u2013 durata massima dell&#8217;esibizione 3 minuti)<br \/>B. DANZA CONTEMPORANEA (durata massima dell&#8217;esibizione 3 minuti)<br \/>Quota d&#8217;iscrizione: <b>75 EURO per danzatore\/esibizione.<\/b><\/p>\n<p><u><\/u>\u00a0<u><\/u><\/p>\n<p><b><u>SOLISTA INTERMEDIO<\/u><\/b><br \/>12 &#8211; 14 anni<br \/>A. BALLETTO CLASSICO (qualsiasi variazione di danza classica con scarpe da punta \u2013 durata massima dell&#8217;esibizione 3 minuti)<br \/>B. DANZA CONTEMPORANEA (durata massima dell&#8217;esibizione 3 minuti)<br \/>Quota d&#8217;iscrizione: <b>75 EURO per danzatore\/esibizione.<\/b><\/p>\n<p><u><\/u>\u00a0<u><\/u><\/p>\n<p><b><u>SOLISTA SENIOR<\/u><\/b><br \/>15 &#8211; 18 anni<br \/>A. BALLETTO CLASSICO (qualsiasi variazione di danza classica con scarpe da punta \u2013 durata massima dell&#8217;esibizione 3 minuti)<br \/>B. DANZA CONTEMPORANEA (durata massima dell&#8217;esibizione 3 minuti)<br \/>Quota d&#8217;iscrizione: <b>75 EURO per danzatore\/esibizione.<\/b><\/p>\n<p><u><\/u>\u00a0<u><\/u><\/p>\n<p><b><u>DIVISIONE PROFESSIONALE<\/u><\/b><br \/>Dai 19 anni in su.<br \/>A. BALLETTO CLASSICO (qualsiasi variazione di danza classica con scarpe da punta \u2013 durata massima dell&#8217;esibizione 3 minuti)<br \/>B. DANZA CONTEMPORANEA (durata massima dell&#8217;esibizione 3 minuti)<br \/>Quota d&#8217;iscrizione: <b>75 EURO per danzatore\/esibizione.<\/b><\/p>\n<p>&nbsp;<\/p>\n<p><b><u>PAS DE DEUX\u00a0<\/u><\/b><br \/>Dai 10 anni in su<br \/>(durata massima dell&#8217;esibizione 8 minuti)<br \/>BALLETTO CLASSICO (adagio\/entre e coda da qualsiasi balletto del repertorio classico \u2013 durata massima dell&#8217;esibizione 3 minuti)<\/p>\n<p>Quota d&#8217;iscrizione: <b>65 EURO per danzatore.<\/b><\/p>\n<p>&nbsp;<\/p>\n<p><b><u>DUETTO<\/u><\/b><br \/>Da 8 anni in su<br \/>(durata massima dell&#8217;esibizione 8 minuti)<br \/>A. BALLETTO CLASSICO (non Pas de Deux)<br \/>B. DANZA CONTEMPORANEA<br \/>C. DANZA DI CARATTERE<br \/>Quota d&#8217;iscrizione: <b>65 EURO per danzatore.<\/b><\/p>\n<p>&nbsp;<\/p>\n<p><b><u>GRUPPI<\/u><\/b><br \/>Dai 6 anni in su<br \/>A. BALLETTO CLASSICO<br \/>B. DANZA CONTEMPORANEA<br \/>C. DANZA DI CARATTERE<\/p>\n<p><u>Per i gruppi formati da 3 danzatori<\/u><br \/>(tempo limite entro 7 min)<br \/>Quota d&#8217;iscrizione: <b>55 EURO per danzatore<\/b><\/p>\n<p><u>Per i gruppi formati da 4 danzatori in s\u00f9 <\/u><br \/>(durata massima dell&#8217;esibizione 10 minuti)<br \/>Quota d&#8217;iscrizione: <b>50 EURO per danzatore<\/b><\/p>\n<p>La quota di iscrizione comprende la sola partecipazione al concorso.<\/p>\n<p>&nbsp;<\/p>\n<p>Music Backup<u><\/u><u><\/u><br \/>I concorrenti dovranno portare con s\u00e9 una copia di backup della loro musica, su un\u2019unit\u00e0 flash in formato mp3 o wav o su un CD audio.<\/p>\n<p>Brevi prove sul palco (open stage) saranno possibili prima dell&#8217;inizio della competizione.<\/p>\n<p>Il concorso si svolge presso il Teatro Duse, via Cartoleria 42, 40124 Bologna.<\/p>\n<p>Al check in ogni partecipante ricever\u00e0 una tessera Free Pass per l\u2019ingresso al teatro durante il corso della competizione. Ad ogni insegnante o accompagnatore verr\u00e0 inoltre consegnata una tessera Free Pass.<br \/>Per partecipanti singoli, pas de deux\/duetto o gruppi\/scuole fino a 7 partecipanti 1 Free pass Card sar\u00e0 consegnato ad ogni insegnante o accompagnatore.<br \/>Per gruppi di 8 o pi\u00f9 partecipanti verranno consegnate al massimo 3 tessere Free Pass extra.<\/p>\n<p>Tutti gli accompagnatori non muniti di pass, i genitori e il pubblico potranno acquistare il biglietto di accesso in sala direttamente al Teatro Duse il giorno del concorso.<\/p>\n<p>Costumi<br \/>I concorrenti devono provvedere ai propri costumi e al trucco.<\/p>\n<p>Assicurazione<br \/>I concorrenti sono responsabili di provvedere alla propria assicurazione medica e contro gli infortuni per tutta la durata della competizione.<\/p>\n<p><b><u>Istruzioni per pagamento:<\/u><\/b><br \/>National Foundation for Dance \/ Nacionalna fondacija za igru<br \/>Address: Francuska 30, Belgrade 11000, Serbia<br \/>VAT: 106393089<br \/>Bank: OTP Bank, Serbia<br \/>SWIFT: OTPVRS22<br \/>IBAN: RS35325960160000416451<\/p>\n<p>[\/et_pb_text][\/et_pb_column][\/et_pb_row][\/et_pb_section][et_pb_section fb_built=&#8221;1&#8243; custom_padding_last_edited=&#8221;on|tablet&#8221; _builder_version=&#8221;4.20.4&#8243; background_color=&#8221;#111111&#8243; custom_padding=&#8221;10px||10px||true|false&#8221; custom_padding_tablet=&#8221;15px||15px||true|false&#8221; custom_padding_phone=&#8221;20px||20px||true|false&#8221; global_colors_info=&#8221;{}&#8221;][et_pb_row column_structure=&#8221;1_2,1_2&#8243; make_equal=&#8221;on&#8221; _builder_version=&#8221;4.19.5&#8243; _module_preset=&#8221;default&#8221; custom_margin=&#8221;0px||0px||true|false&#8221; custom_padding=&#8221;15px||15px||true|false&#8221; global_colors_info=&#8221;{}&#8221;][et_pb_column type=&#8221;1_2&#8243; _builder_version=&#8221;4.19.5&#8243; _module_preset=&#8221;default&#8221; custom_css_main_element=&#8221;margin:auto&#8221; global_colors_info=&#8221;{}&#8221;][et_pb_text _builder_version=&#8221;4.20.4&#8243; _module_preset=&#8221;default&#8221; text_text_color=&#8221;#FFFFFF&#8221; text_font_size=&#8221;36px&#8221; text_line_height=&#8221;1.3em&#8221; text_font_size_tablet=&#8221;32px&#8221; text_font_size_phone=&#8221;28px&#8221; text_font_size_last_edited=&#8221;on|desktop&#8221; global_colors_info=&#8221;{}&#8221;]<\/p>\n<p>Pronto a competere?<\/p>\n<p>[\/et_pb_text][\/et_pb_column][et_pb_column type=&#8221;1_2&#8243; _builder_version=&#8221;4.19.5&#8243; _module_preset=&#8221;default&#8221; custom_css_main_element=&#8221;margin:auto&#8221; global_colors_info=&#8221;{}&#8221;][et_pb_button button_url=&#8221;@ET-DC@eyJkeW5hbWljIjp0cnVlLCJjb250ZW50IjoicG9zdF9saW5rX3VybF9wYWdlIiwic2V0dGluZ3MiOnsicG9zdF9pZCI6IjE1In19@&#8221; button_text=&#8221;Registrati qui&#8221; _builder_version=&#8221;4.20.4&#8243; _dynamic_attributes=&#8221;button_url&#8221; _module_preset=&#8221;default&#8221; custom_button=&#8221;on&#8221; button_text_color=&#8221;#FFFFFF&#8221; custom_margin_tablet=&#8221;&#8221; custom_margin_phone=&#8221;2em||||false|false&#8221; custom_margin_last_edited=&#8221;on|phone&#8221; custom_padding_tablet=&#8221;&#8221; custom_padding_phone=&#8221;&#8221; custom_padding_last_edited=&#8221;on|phone&#8221; global_colors_info=&#8221;{}&#8221;][\/et_pb_button][\/et_pb_column][\/et_pb_row][\/et_pb_section]<\/p>\n","protected":false},"excerpt":{"rendered":"<p>Il concorso si svolge con l\u2019obiettivo di presentare e sostenere giovani danzatori, offrendo borse di studio e opportunit\u00e0 di lavoro. I concorrenti saranno giudicati in base alle loro capacit\u00e0 artistiche e tecniche. Femmine e maschi competono nella stessa categoria. Se un concorrente esegue pi\u00f9 di una variazione\/pezzo nella stessa categoria, quella\/o con il punteggio pi\u00f9 [&hellip;]<\/p>\n","protected":false},"author":1,"featured_media":0,"parent":0,"menu_order":0,"comment_status":"closed","ping_status":"closed","template":"","meta":{"_et_pb_use_builder":"on","_et_pb_old_content":"","_et_gb_content_width":"","inline_featured_image":false,"footnotes":""},"class_list":["post-528","page","type-page","status-publish","hentry"],"acf":[],"yoast_head":"<!-- This site is optimized with the Yoast SEO plugin v22.8 - https:\/\/yoast.com\/wordpress\/plugins\/seo\/ -->\n<title>Regolamento - Bologna ballet competition<\/title>\n<meta name=\"robots\" content=\"index, follow, max-snippet:-1, max-image-preview:large, max-video-preview:-1\" \/>\n<link rel=\"canonical\" href=\"https:\/\/bolognaballetcompetition.com\/it\/regolamento\/\" \/>\n<meta property=\"og:locale\" content=\"it_IT\" \/>\n<meta property=\"og:type\" content=\"article\" \/>\n<meta property=\"og:title\" content=\"Regolamento - Bologna ballet competition\" \/>\n<meta property=\"og:description\" content=\"Il concorso si svolge con l\u2019obiettivo di presentare e sostenere giovani danzatori, offrendo borse di studio e opportunit\u00e0 di lavoro. I concorrenti saranno giudicati in base alle loro capacit\u00e0 artistiche e tecniche. Femmine e maschi competono nella stessa categoria. Se un concorrente esegue pi\u00f9 di una variazione\/pezzo nella stessa categoria, quella\/o con il punteggio pi\u00f9 [&hellip;]\" \/>\n<meta property=\"og:url\" content=\"https:\/\/bolognaballetcompetition.com\/it\/regolamento\/\" \/>\n<meta property=\"og:site_name\" content=\"Bologna ballet competition\" \/>\n<meta property=\"article:modified_time\" content=\"2024-07-24T08:37:36+00:00\" \/>\n<meta name=\"twitter:card\" content=\"summary_large_image\" \/>\n<meta name=\"twitter:label1\" content=\"Tempo di lettura stimato\" \/>\n\t<meta name=\"twitter:data1\" content=\"4 minuti\" \/>\n<script type=\"application\/ld+json\" class=\"yoast-schema-graph\">{\"@context\":\"https:\/\/schema.org\",\"@graph\":[{\"@type\":\"WebPage\",\"@id\":\"https:\/\/bolognaballetcompetition.com\/it\/regolamento\/\",\"url\":\"https:\/\/bolognaballetcompetition.com\/it\/regolamento\/\",\"name\":\"Regolamento - Bologna ballet competition\",\"isPartOf\":{\"@id\":\"https:\/\/bolognaballetcompetition.com\/it\/#website\"},\"datePublished\":\"2023-02-23T15:48:47+00:00\",\"dateModified\":\"2024-07-24T08:37:36+00:00\",\"breadcrumb\":{\"@id\":\"https:\/\/bolognaballetcompetition.com\/it\/regolamento\/#breadcrumb\"},\"inLanguage\":\"it-IT\",\"potentialAction\":[{\"@type\":\"ReadAction\",\"target\":[\"https:\/\/bolognaballetcompetition.com\/it\/regolamento\/\"]}]},{\"@type\":\"BreadcrumbList\",\"@id\":\"https:\/\/bolognaballetcompetition.com\/it\/regolamento\/#breadcrumb\",\"itemListElement\":[{\"@type\":\"ListItem\",\"position\":1,\"name\":\"Home\",\"item\":\"https:\/\/bolognaballetcompetition.com\/it\/\"},{\"@type\":\"ListItem\",\"position\":2,\"name\":\"Regolamento\"}]},{\"@type\":\"WebSite\",\"@id\":\"https:\/\/bolognaballetcompetition.com\/it\/#website\",\"url\":\"https:\/\/bolognaballetcompetition.com\/it\/\",\"name\":\"Bologna ballet competition\",\"description\":\"\",\"publisher\":{\"@id\":\"https:\/\/bolognaballetcompetition.com\/it\/#organization\"},\"potentialAction\":[{\"@type\":\"SearchAction\",\"target\":{\"@type\":\"EntryPoint\",\"urlTemplate\":\"https:\/\/bolognaballetcompetition.com\/it\/?s={search_term_string}\"},\"query-input\":\"required name=search_term_string\"}],\"inLanguage\":\"it-IT\"},{\"@type\":\"Organization\",\"@id\":\"https:\/\/bolognaballetcompetition.com\/it\/#organization\",\"name\":\"Bologna ballet competition\",\"url\":\"https:\/\/bolognaballetcompetition.com\/it\/\",\"logo\":{\"@type\":\"ImageObject\",\"inLanguage\":\"it-IT\",\"@id\":\"https:\/\/bolognaballetcompetition.com\/it\/#\/schema\/logo\/image\/\",\"url\":\"https:\/\/bolognaballetcompetition.com\/wp-content\/uploads\/2023\/02\/bologna-ballet-competition.svg\",\"contentUrl\":\"https:\/\/bolognaballetcompetition.com\/wp-content\/uploads\/2023\/02\/bologna-ballet-competition.svg\",\"width\":390,\"height\":130,\"caption\":\"Bologna ballet competition\"},\"image\":{\"@id\":\"https:\/\/bolognaballetcompetition.com\/it\/#\/schema\/logo\/image\/\"}}]}<\/script>\n<!-- \/ Yoast SEO plugin. -->","yoast_head_json":{"title":"Regolamento - Bologna ballet competition","robots":{"index":"index","follow":"follow","max-snippet":"max-snippet:-1","max-image-preview":"max-image-preview:large","max-video-preview":"max-video-preview:-1"},"canonical":"https:\/\/bolognaballetcompetition.com\/it\/regolamento\/","og_locale":"it_IT","og_type":"article","og_title":"Regolamento - Bologna ballet competition","og_description":"Il concorso si svolge con l\u2019obiettivo di presentare e sostenere giovani danzatori, offrendo borse di studio e opportunit\u00e0 di lavoro. I concorrenti saranno giudicati in base alle loro capacit\u00e0 artistiche e tecniche. Femmine e maschi competono nella stessa categoria. Se un concorrente esegue pi\u00f9 di una variazione\/pezzo nella stessa categoria, quella\/o con il punteggio pi\u00f9 [&hellip;]","og_url":"https:\/\/bolognaballetcompetition.com\/it\/regolamento\/","og_site_name":"Bologna ballet competition","article_modified_time":"2024-07-24T08:37:36+00:00","twitter_card":"summary_large_image","twitter_misc":{"Tempo di lettura stimato":"4 minuti"},"schema":{"@context":"https:\/\/schema.org","@graph":[{"@type":"WebPage","@id":"https:\/\/bolognaballetcompetition.com\/it\/regolamento\/","url":"https:\/\/bolognaballetcompetition.com\/it\/regolamento\/","name":"Regolamento - Bologna ballet competition","isPartOf":{"@id":"https:\/\/bolognaballetcompetition.com\/it\/#website"},"datePublished":"2023-02-23T15:48:47+00:00","dateModified":"2024-07-24T08:37:36+00:00","breadcrumb":{"@id":"https:\/\/bolognaballetcompetition.com\/it\/regolamento\/#breadcrumb"},"inLanguage":"it-IT","potentialAction":[{"@type":"ReadAction","target":["https:\/\/bolognaballetcompetition.com\/it\/regolamento\/"]}]},{"@type":"BreadcrumbList","@id":"https:\/\/bolognaballetcompetition.com\/it\/regolamento\/#breadcrumb","itemListElement":[{"@type":"ListItem","position":1,"name":"Home","item":"https:\/\/bolognaballetcompetition.com\/it\/"},{"@type":"ListItem","position":2,"name":"Regolamento"}]},{"@type":"WebSite","@id":"https:\/\/bolognaballetcompetition.com\/it\/#website","url":"https:\/\/bolognaballetcompetition.com\/it\/","name":"Bologna ballet competition","description":"","publisher":{"@id":"https:\/\/bolognaballetcompetition.com\/it\/#organization"},"potentialAction":[{"@type":"SearchAction","target":{"@type":"EntryPoint","urlTemplate":"https:\/\/bolognaballetcompetition.com\/it\/?s={search_term_string}"},"query-input":"required name=search_term_string"}],"inLanguage":"it-IT"},{"@type":"Organization","@id":"https:\/\/bolognaballetcompetition.com\/it\/#organization","name":"Bologna ballet competition","url":"https:\/\/bolognaballetcompetition.com\/it\/","logo":{"@type":"ImageObject","inLanguage":"it-IT","@id":"https:\/\/bolognaballetcompetition.com\/it\/#\/schema\/logo\/image\/","url":"https:\/\/bolognaballetcompetition.com\/wp-content\/uploads\/2023\/02\/bologna-ballet-competition.svg","contentUrl":"https:\/\/bolognaballetcompetition.com\/wp-content\/uploads\/2023\/02\/bologna-ballet-competition.svg","width":390,"height":130,"caption":"Bologna ballet competition"},"image":{"@id":"https:\/\/bolognaballetcompetition.com\/it\/#\/schema\/logo\/image\/"}}]}},"_links":{"self":[{"href":"https:\/\/bolognaballetcompetition.com\/it\/wp-json\/wp\/v2\/pages\/528","targetHints":{"allow":["GET"]}}],"collection":[{"href":"https:\/\/bolognaballetcompetition.com\/it\/wp-json\/wp\/v2\/pages"}],"about":[{"href":"https:\/\/bolognaballetcompetition.com\/it\/wp-json\/wp\/v2\/types\/page"}],"author":[{"embeddable":true,"href":"https:\/\/bolognaballetcompetition.com\/it\/wp-json\/wp\/v2\/users\/1"}],"replies":[{"embeddable":true,"href":"https:\/\/bolognaballetcompetition.com\/it\/wp-json\/wp\/v2\/comments?post=528"}],"version-history":[{"count":8,"href":"https:\/\/bolognaballetcompetition.com\/it\/wp-json\/wp\/v2\/pages\/528\/revisions"}],"predecessor-version":[{"id":922,"href":"https:\/\/bolognaballetcompetition.com\/it\/wp-json\/wp\/v2\/pages\/528\/revisions\/922"}],"wp:attachment":[{"href":"https:\/\/bolognaballetcompetition.com\/it\/wp-json\/wp\/v2\/media?parent=528"}],"curies":[{"name":"wp","href":"https:\/\/api.w.org\/{rel}","templated":true}]}}